{"id":54,"date":"2020-12-24T11:50:55","date_gmt":"2020-12-24T10:50:55","guid":{"rendered":"http:\/\/ambassadesyrie.fr\/new\/?page_id=54"},"modified":"2026-03-11T09:13:17","modified_gmt":"2026-03-11T08:13:17","slug":"nous-contacter","status":"publish","type":"page","link":"https:\/\/ambassadesyrie.fr\/new\/nous-contacter\/","title":{"rendered":"Nous contacter"},"content":{"rendered":"\r\n<div class=\"wp-block-group\" style=\"text-align: center;\">\r\n<div class=\"wp-block-group__inner-container is-layout-flow wp-block-group-is-layout-flow\">\r\n<div class=\"wp-block-group\">\r\n<div class=\"wp-block-group__inner-container is-layout-flow wp-block-group-is-layout-flow\">\r\n<p class=\"has-text-align-center\" dir=\"ltr\">Ambassade de la R\u00e9publique Arabe Syrienne en France<br \/>20 Rue Vaneau &#8211; 75007 Paris<br \/>T\u00e9l\u00e9phone : 01 40 62 61 00 &#8211; Fax : 01 47 05 92 73<\/p>\r\n<\/div>\r\n<\/div>\r\n\r\n\r\n\r\n<p class=\"has-text-align-center\" dir=\"ltr\"><em>Dans l&#8217;impossibilit\u00e9 de nous joindre par t\u00e9l\u00e9phone, en raison d&#8217;un grand nombre d&#8217;appels, nous vous saurions gr\u00e9 de bien vouloir nous transmettre vos messages \u00e0 l&#8217;adresse mail ci-dessous mentionn\u00e9e. L&#8217;Ambassade ne manquera pas de vous r\u00e9pondre aussi t\u00f4t que possible.<\/em><br \/><em>Nous vous remercions d&#8217;avance pour votre compr\u00e9hension.<\/em><\/p>\r\n\r\n\r\n\r\n<p class=\"has-text-align-center\"><strong>Email : <a href=\"mailto:ambassade-syrie@wanadoo.fr\">ambassade-syrie@wanadoo.fr<\/a><\/strong><\/p>\r\n\r\n\r\n\r\n<div class=\"wp-block-group\">\r\n<div class=\"wp-block-group__inner-container is-layout-flow wp-block-group-is-layout-flow\">\r\n<p class=\"has-text-align-center\" dir=\"ltr\"><strong>Lieu d&#8217;accueil<br \/><\/strong>12 Avenue de Tourville<br \/>75007 Paris<\/p>\r\n\r\n\r\n\r\n<p class=\"has-text-align-center\" dir=\"ltr\"><strong>Horaire d&#8217;accueil<br \/><\/strong>du lundi au vendredi de 08:00 \u00e0 14:00<\/p>\r\n\r\n\r\n\r\n<p class=\"has-text-align-center\" dir=\"ltr\"><strong>L\u2019ambassade re\u00e7oit vos courriers \u00e0 l\u2019adresse suivante:<\/strong><\/p>\r\n\r\n\r\n\r\n<p class=\"has-text-align-center\" dir=\"ltr\">Ambassade de Syrie<br \/>20 Rue vaneau <br \/>75007 Paris<\/p>\r\n<\/div>\r\n<\/div>\r\n<\/div>\r\n<\/div>\r\n\r\n\r\n\r\n<p style=\"text-align: center;\">\u00a0<\/p>\r\n","protected":false},"excerpt":{"rendered":"<p>Ambassade de la R\u00e9publique Arabe Syrienne en France20 Rue Vaneau &#8211; 75007 ParisT\u00e9l\u00e9phone : 01 40 62 61 00 &#8211; Fax : 01 47 05 92 73 Dans l&#8217;impossibilit\u00e9 de nous joindre par t\u00e9l\u00e9phone, en raison d&#8217;un grand nombre d&#8217;appels, nous vous saurions gr\u00e9 de bien vouloir nous transmettre vos messages \u00e0 l&#8217;adresse mail ci-dessous&#8230;<\/p>\n<p class=\"read-more\"><a class=\"btn btn-default\" href=\"https:\/\/ambassadesyrie.fr\/new\/nous-contacter\/\"> Read More<span class=\"screen-reader-text\">  Read More<\/span><\/a><\/p>\n","protected":false},"author":1,"featured_media":0,"parent":0,"menu_order":0,"comment_status":"closed","ping_status":"closed","template":"","meta":{"footnotes":""},"class_list":["post-54","page","type-page","status-publish","hentry"],"yoast_head":"<!-- This site is optimized with the Yoast SEO plugin v22.5 - https:\/\/yoast.com\/wordpress\/plugins\/seo\/ -->\n<title>Nous contacter - \u0633\u0641\u0627\u0631\u0629 \u0627\u0644\u062c\u0645\u0647\u0648\u0631\u064a\u0629 \u0627\u0644\u0639\u0631\u0628\u064a\u0629 \u0627\u0644\u0633\u0648\u0631\u064a\u0629 \u0641\u064a \u0628\u0627\u0631\u064a\u0633<\/title>\n<meta name=\"robots\" content=\"index, follow, max-snippet:-1, max-image-preview:large, max-video-preview:-1\" \/>\n<link rel=\"canonical\" href=\"https:\/\/ambassadesyrie.fr\/new\/nous-contacter\/\" \/>\n<meta property=\"og:locale\" content=\"en_US\" \/>\n<meta property=\"og:type\" content=\"article\" \/>\n<meta property=\"og:title\" content=\"Nous contacter - \u0633\u0641\u0627\u0631\u0629 \u0627\u0644\u062c\u0645\u0647\u0648\u0631\u064a\u0629 \u0627\u0644\u0639\u0631\u0628\u064a\u0629 \u0627\u0644\u0633\u0648\u0631\u064a\u0629 \u0641\u064a \u0628\u0627\u0631\u064a\u0633\" \/>\n<meta property=\"og:description\" content=\"Ambassade de la R\u00e9publique Arabe Syrienne en France20 Rue Vaneau &#8211; 75007 ParisT\u00e9l\u00e9phone : 01 40 62 61 00 &#8211; Fax : 01 47 05 92 73 Dans l&#8217;impossibilit\u00e9 de nous joindre par t\u00e9l\u00e9phone, en raison d&#8217;un grand nombre d&#8217;appels, nous vous saurions gr\u00e9 de bien vouloir nous transmettre vos messages \u00e0 l&#8217;adresse mail ci-dessous... Read More Read More\" \/>\n<meta property=\"og:url\" content=\"https:\/\/ambassadesyrie.fr\/new\/nous-contacter\/\" \/>\n<meta property=\"og:site_name\" content=\"\u0633\u0641\u0627\u0631\u0629 \u0627\u0644\u062c\u0645\u0647\u0648\u0631\u064a\u0629 \u0627\u0644\u0639\u0631\u0628\u064a\u0629 \u0627\u0644\u0633\u0648\u0631\u064a\u0629 \u0641\u064a \u0628\u0627\u0631\u064a\u0633\" \/>\n<meta property=\"article:modified_time\" content=\"2026-03-11T08:13:17+00:00\" \/>\n<meta name=\"twitter:label1\" content=\"Est. reading time\" \/>\n\t<meta name=\"twitter:data1\" content=\"1 minute\" \/>\n<script type=\"application\/ld+json\" class=\"yoast-schema-graph\">{\"@context\":\"https:\/\/schema.org\",\"@graph\":[{\"@type\":\"WebPage\",\"@id\":\"https:\/\/ambassadesyrie.fr\/new\/nous-contacter\/\",\"url\":\"https:\/\/ambassadesyrie.fr\/new\/nous-contacter\/\",\"name\":\"Nous contacter - \u0633\u0641\u0627\u0631\u0629 \u0627\u0644\u062c\u0645\u0647\u0648\u0631\u064a\u0629 \u0627\u0644\u0639\u0631\u0628\u064a\u0629 \u0627\u0644\u0633\u0648\u0631\u064a\u0629 \u0641\u064a \u0628\u0627\u0631\u064a\u0633\",\"isPartOf\":{\"@id\":\"https:\/\/ambassadesyrie.fr\/new\/#website\"},\"datePublished\":\"2020-12-24T10:50:55+00:00\",\"dateModified\":\"2026-03-11T08:13:17+00:00\",\"breadcrumb\":{\"@id\":\"https:\/\/ambassadesyrie.fr\/new\/nous-contacter\/#breadcrumb\"},\"inLanguage\":\"en-US\",\"potentialAction\":[{\"@type\":\"ReadAction\",\"target\":[\"https:\/\/ambassadesyrie.fr\/new\/nous-contacter\/\"]}]},{\"@type\":\"BreadcrumbList\",\"@id\":\"https:\/\/ambassadesyrie.fr\/new\/nous-contacter\/#breadcrumb\",\"itemListElement\":[{\"@type\":\"ListItem\",\"position\":1,\"name\":\"Accueil\",\"item\":\"https:\/\/ambassadesyrie.fr\/new\/\"},{\"@type\":\"ListItem\",\"position\":2,\"name\":\"Nous contacter\"}]},{\"@type\":\"WebSite\",\"@id\":\"https:\/\/ambassadesyrie.fr\/new\/#website\",\"url\":\"https:\/\/ambassadesyrie.fr\/new\/\",\"name\":\"\u0633\u0641\u0627\u0631\u0629 \u0627\u0644\u062c\u0645\u0647\u0648\u0631\u064a\u0629 \u0627\u0644\u0639\u0631\u0628\u064a\u0629 \u0627\u0644\u0633\u0648\u0631\u064a\u0629 \u0641\u064a \u0628\u0627\u0631\u064a\u0633\",\"description\":\"\",\"publisher\":{\"@id\":\"https:\/\/ambassadesyrie.fr\/new\/#organization\"},\"potentialAction\":[{\"@type\":\"SearchAction\",\"target\":{\"@type\":\"EntryPoint\",\"urlTemplate\":\"https:\/\/ambassadesyrie.fr\/new\/?s={search_term_string}\"},\"query-input\":\"required name=search_term_string\"}],\"inLanguage\":\"en-US\"},{\"@type\":\"Organization\",\"@id\":\"https:\/\/ambassadesyrie.fr\/new\/#organization\",\"name\":\"\u0633\u0641\u0627\u0631\u0629 \u0627\u0644\u062c\u0645\u0647\u0648\u0631\u064a\u0629 \u0627\u0644\u0639\u0631\u0628\u064a\u0629 \u0627\u0644\u0633\u0648\u0631\u064a\u0629 \u0641\u064a \u0628\u0627\u0631\u064a\u0633\",\"url\":\"https:\/\/ambassadesyrie.fr\/new\/\",\"logo\":{\"@type\":\"ImageObject\",\"inLanguage\":\"en-US\",\"@id\":\"https:\/\/ambassadesyrie.fr\/new\/#\/schema\/logo\/image\/\",\"url\":\"https:\/\/ambassadesyrie.fr\/new\/wp-content\/uploads\/2025\/09\/cropped-logo.png\",\"contentUrl\":\"https:\/\/ambassadesyrie.fr\/new\/wp-content\/uploads\/2025\/09\/cropped-logo.png\",\"width\":344,\"height\":258,\"caption\":\"\u0633\u0641\u0627\u0631\u0629 \u0627\u0644\u062c\u0645\u0647\u0648\u0631\u064a\u0629 \u0627\u0644\u0639\u0631\u0628\u064a\u0629 \u0627\u0644\u0633\u0648\u0631\u064a\u0629 \u0641\u064a \u0628\u0627\u0631\u064a\u0633 \"},\"image\":{\"@id\":\"https:\/\/ambassadesyrie.fr\/new\/#\/schema\/logo\/image\/\"}}]}<\/script>\n<!-- \/ Yoast SEO plugin. -->","yoast_head_json":{"title":"Nous contacter - \u0633\u0641\u0627\u0631\u0629 \u0627\u0644\u062c\u0645\u0647\u0648\u0631\u064a\u0629 \u0627\u0644\u0639\u0631\u0628\u064a\u0629 \u0627\u0644\u0633\u0648\u0631\u064a\u0629 \u0641\u064a \u0628\u0627\u0631\u064a\u0633","robots":{"index":"index","follow":"follow","max-snippet":"max-snippet:-1","max-image-preview":"max-image-preview:large","max-video-preview":"max-video-preview:-1"},"canonical":"https:\/\/ambassadesyrie.fr\/new\/nous-contacter\/","og_locale":"en_US","og_type":"article","og_title":"Nous contacter - \u0633\u0641\u0627\u0631\u0629 \u0627\u0644\u062c\u0645\u0647\u0648\u0631\u064a\u0629 \u0627\u0644\u0639\u0631\u0628\u064a\u0629 \u0627\u0644\u0633\u0648\u0631\u064a\u0629 \u0641\u064a \u0628\u0627\u0631\u064a\u0633","og_description":"Ambassade de la R\u00e9publique Arabe Syrienne en France20 Rue Vaneau &#8211; 75007 ParisT\u00e9l\u00e9phone : 01 40 62 61 00 &#8211; Fax : 01 47 05 92 73 Dans l&#8217;impossibilit\u00e9 de nous joindre par t\u00e9l\u00e9phone, en raison d&#8217;un grand nombre d&#8217;appels, nous vous saurions gr\u00e9 de bien vouloir nous transmettre vos messages \u00e0 l&#8217;adresse mail ci-dessous... Read More Read More","og_url":"https:\/\/ambassadesyrie.fr\/new\/nous-contacter\/","og_site_name":"\u0633\u0641\u0627\u0631\u0629 \u0627\u0644\u062c\u0645\u0647\u0648\u0631\u064a\u0629 \u0627\u0644\u0639\u0631\u0628\u064a\u0629 \u0627\u0644\u0633\u0648\u0631\u064a\u0629 \u0641\u064a \u0628\u0627\u0631\u064a\u0633","article_modified_time":"2026-03-11T08:13:17+00:00","twitter_misc":{"Est. reading time":"1 minute"},"schema":{"@context":"https:\/\/schema.org","@graph":[{"@type":"WebPage","@id":"https:\/\/ambassadesyrie.fr\/new\/nous-contacter\/","url":"https:\/\/ambassadesyrie.fr\/new\/nous-contacter\/","name":"Nous contacter - \u0633\u0641\u0627\u0631\u0629 \u0627\u0644\u062c\u0645\u0647\u0648\u0631\u064a\u0629 \u0627\u0644\u0639\u0631\u0628\u064a\u0629 \u0627\u0644\u0633\u0648\u0631\u064a\u0629 \u0641\u064a \u0628\u0627\u0631\u064a\u0633","isPartOf":{"@id":"https:\/\/ambassadesyrie.fr\/new\/#website"},"datePublished":"2020-12-24T10:50:55+00:00","dateModified":"2026-03-11T08:13:17+00:00","breadcrumb":{"@id":"https:\/\/ambassadesyrie.fr\/new\/nous-contacter\/#breadcrumb"},"inLanguage":"en-US","potentialAction":[{"@type":"ReadAction","target":["https:\/\/ambassadesyrie.fr\/new\/nous-contacter\/"]}]},{"@type":"BreadcrumbList","@id":"https:\/\/ambassadesyrie.fr\/new\/nous-contacter\/#breadcrumb","itemListElement":[{"@type":"ListItem","position":1,"name":"Accueil","item":"https:\/\/ambassadesyrie.fr\/new\/"},{"@type":"ListItem","position":2,"name":"Nous contacter"}]},{"@type":"WebSite","@id":"https:\/\/ambassadesyrie.fr\/new\/#website","url":"https:\/\/ambassadesyrie.fr\/new\/","name":"\u0633\u0641\u0627\u0631\u0629 \u0627\u0644\u062c\u0645\u0647\u0648\u0631\u064a\u0629 \u0627\u0644\u0639\u0631\u0628\u064a\u0629 \u0627\u0644\u0633\u0648\u0631\u064a\u0629 \u0641\u064a \u0628\u0627\u0631\u064a\u0633","description":"","publisher":{"@id":"https:\/\/ambassadesyrie.fr\/new\/#organization"},"potentialAction":[{"@type":"SearchAction","target":{"@type":"EntryPoint","urlTemplate":"https:\/\/ambassadesyrie.fr\/new\/?s={search_term_string}"},"query-input":"required name=search_term_string"}],"inLanguage":"en-US"},{"@type":"Organization","@id":"https:\/\/ambassadesyrie.fr\/new\/#organization","name":"\u0633\u0641\u0627\u0631\u0629 \u0627\u0644\u062c\u0645\u0647\u0648\u0631\u064a\u0629 \u0627\u0644\u0639\u0631\u0628\u064a\u0629 \u0627\u0644\u0633\u0648\u0631\u064a\u0629 \u0641\u064a \u0628\u0627\u0631\u064a\u0633","url":"https:\/\/ambassadesyrie.fr\/new\/","logo":{"@type":"ImageObject","inLanguage":"en-US","@id":"https:\/\/ambassadesyrie.fr\/new\/#\/schema\/logo\/image\/","url":"https:\/\/ambassadesyrie.fr\/new\/wp-content\/uploads\/2025\/09\/cropped-logo.png","contentUrl":"https:\/\/ambassadesyrie.fr\/new\/wp-content\/uploads\/2025\/09\/cropped-logo.png","width":344,"height":258,"caption":"\u0633\u0641\u0627\u0631\u0629 \u0627\u0644\u062c\u0645\u0647\u0648\u0631\u064a\u0629 \u0627\u0644\u0639\u0631\u0628\u064a\u0629 \u0627\u0644\u0633\u0648\u0631\u064a\u0629 \u0641\u064a \u0628\u0627\u0631\u064a\u0633 "},"image":{"@id":"https:\/\/ambassadesyrie.fr\/new\/#\/schema\/logo\/image\/"}}]}},"_links":{"self":[{"href":"https:\/\/ambassadesyrie.fr\/new\/wp-json\/wp\/v2\/pages\/54","targetHints":{"allow":["GET"]}}],"collection":[{"href":"https:\/\/ambassadesyrie.fr\/new\/wp-json\/wp\/v2\/pages"}],"about":[{"href":"https:\/\/ambassadesyrie.fr\/new\/wp-json\/wp\/v2\/types\/page"}],"author":[{"embeddable":true,"href":"https:\/\/ambassadesyrie.fr\/new\/wp-json\/wp\/v2\/users\/1"}],"replies":[{"embeddable":true,"href":"https:\/\/ambassadesyrie.fr\/new\/wp-json\/wp\/v2\/comments?post=54"}],"version-history":[{"count":15,"href":"https:\/\/ambassadesyrie.fr\/new\/wp-json\/wp\/v2\/pages\/54\/revisions"}],"predecessor-version":[{"id":1316,"href":"https:\/\/ambassadesyrie.fr\/new\/wp-json\/wp\/v2\/pages\/54\/revisions\/1316"}],"wp:attachment":[{"href":"https:\/\/ambassadesyrie.fr\/new\/wp-json\/wp\/v2\/media?parent=54"}],"curies":[{"name":"wp","href":"https:\/\/api.w.org\/{rel}","templated":true}]}}